{"id":6,"date":"2024-01-29T11:49:47","date_gmt":"2024-01-29T10:49:47","guid":{"rendered":"https:\/\/setzeclub-ev.de\/wordpress\/home\/"},"modified":"2025-10-22T17:27:57","modified_gmt":"2025-10-22T15:27:57","slug":"home","status":"publish","type":"page","link":"https:\/\/setzeclub-ev.de\/wordpress\/","title":{"rendered":"Vereinszweck des Setzeclub e.V."},"content":{"rendered":"\n<p class=\"has-text-align-left has-black-color has-text-color\" style=\"font-size:16px;font-style:normal;font-weight:300\">Der F\u00f6rderverein Setzeclub e.V. verfolgt das vorrangige Ziel, den Kinder- und Jugendtreff &#8222;Auf der Setze&#8220; in Arnstadt umfassend zu unterst\u00fctzen. Seit seiner Gr\u00fcndung im Jahr 1990 hat sich der Setzeclub zu einer zentralen Anlaufstelle f\u00fcr junge Menschen im Alter von 6 bis 18 Jahren entwickelt, die hier Zugang zu offenen Kinder- und Jugendangeboten erhalten. Der Verein engagiert sich daf\u00fcr, die ben\u00f6tigten finanziellen, personellen und ideellen Ressourcen bereitzustellen, um die breitgef\u00e4cherten Angebote und Aktivit\u00e4ten des Kinder- und Jugendtreffs zu unterst\u00fctzen und weiter auszubauen.<\/p>\n\n\n\n<p class=\"has-text-align-left has-black-color has-text-color\" style=\"font-size:16px;font-style:normal;font-weight:300\"><strong>Um diese Ziele zu erreichen, unternimmt der Setzeclub e.V.<\/strong> <strong>verschiedene Ma\u00dfnahmen:<\/strong><\/p>\n\n\n\n<p class=\"has-text-align-left has-black-color has-text-color has-background has-medium-font-size\" style=\"background:linear-gradient(135deg,rgb(199,222,232) 0%,rgba(200,222,232,0.1) 100%);font-style:normal;font-weight:700\"><strong>Einwerbung von Spenden und F\u00f6rdermitteln<\/strong><\/p>\n\n\n\n<p class=\"has-text-align-left has-black-color has-text-color\" style=\"font-size:16px;font-style:normal;font-weight:300\">Der Verein ist aktiv in der Akquise von finanziellen Mitteln, um die laufenden und neuen Projekte des Kinder- und Jugendtreffs zu finanzieren. Dies schlie\u00dft die Beantragung von F\u00f6rdermitteln aus Programmen von Bund und L\u00e4ndern mit ein.<\/p>\n\n\n\n<p class=\"has-text-align-left has-black-color has-text-color has-background has-medium-font-size\" style=\"background:linear-gradient(135deg,rgb(199,222,232) 0%,rgba(200,222,232,0.1) 100%);font-style:normal;font-weight:400\"><strong>Finanzielle und personelle Unterst\u00fctzung<\/strong><\/p>\n\n\n\n<p class=\"has-text-align-left has-black-color has-text-color\" style=\"font-size:16px;font-style:normal;font-weight:300\">Neben der finanziellen Hilfe stellt der Verein auch personelle Ressourcen zur Verf\u00fcgung, um die p\u00e4dagogische Arbeit zu unterst\u00fctzen und die Angebotsvielfalt sicherzustellen.<\/p>\n\n\n\n<p class=\"has-text-align-left has-black-color has-text-color has-background has-medium-font-size\" style=\"background:linear-gradient(135deg,rgb(199,222,232) 0%,rgba(200,222,232,0.1) 100%);font-style:normal;font-weight:400\"><strong>Kinder- und Jugenderholungen<\/strong><\/p>\n\n\n\n<p class=\"has-text-align-left has-black-color has-text-color\" style=\"font-size:16px;font-style:normal;font-weight:300\">Ein weiterer Fokus liegt auf der besseren Finanzierung von Erholungsma\u00dfnahmen f\u00fcr Kinder und Jugendliche, um diesen unvergessliche und bildende Erfahrungen zu erm\u00f6glichen.<\/p>\n\n\n\n<p class=\"has-text-align-left has-black-color has-text-color has-background has-medium-font-size\" style=\"background:linear-gradient(135deg,rgb(199,222,232) 1%,rgba(200,222,232,0.1) 100%);font-style:normal;font-weight:400\"><strong>St\u00e4rkung und Ausbau der Angebote<\/strong><\/p>\n\n\n\n<p class=\"has-text-align-left has-black-color has-text-color\" style=\"font-size:16px;font-style:normal;font-weight:300\">Der Verein setzt sich f\u00fcr die kontinuierliche Verbesserung und Erweiterung der Angebote ein, um den Bed\u00fcrfnissen und W\u00fcnschen der Kinder und Jugendlichen noch besser gerecht zu werden.<\/p>\n\n\n\n<p class=\"has-text-align-left has-black-color has-text-color has-background has-medium-font-size\" style=\"background:linear-gradient(135deg,rgb(199,222,232) 2%,rgba(200,222,232,0.1) 100%);font-style:normal;font-weight:400\"><strong>Lobbyarbeit<\/strong><\/p>\n\n\n\n<p class=\"has-text-align-left has-black-color has-text-color\" style=\"font-size:16px;font-style:normal;font-weight:300\">Schlie\u00dflich betreibt der Setzeclub e.V. auch Lobbyarbeit f\u00fcr die Belange der Kinder- und Jugendarbeit, um auf deren Stellenwert f\u00fcr die Gesellschaft aufmerksam zu machen und weitere Unterst\u00fctzung zu generieren.<\/p>\n\n\n\n<p class=\"has-text-align-left has-black-color has-text-color\" style=\"font-size:16px;font-style:normal;font-weight:300\">Insgesamt leistet der F\u00f6rderverein Setzeclub e.V. einen Beitrag zur F\u00f6rderung der Kinder- und Jugendarbeit in Arnstadt, indem er den Jugendtreff &#8222;Auf der Setze&#8220; in vielf\u00e4ltiger Weise unterst\u00fctzt und dessen Angebote f\u00fcr junge Menschen nachhaltig st\u00e4rkt und ausbaut.<\/p>\n\n\n\n<p class=\"has-text-align-left has-black-color has-text-color\" style=\"font-size:16px;font-style:normal;font-weight:300\"><\/p>\n","protected":false},"excerpt":{"rendered":"<p>Der F\u00f6rderverein Setzeclub e.V. verfolgt das vorrangige Ziel, den Kinder- und Jugendtreff &#8222;Auf der Setze&#8220; in Arnstadt umfassend zu unterst\u00fctzen. Seit seiner Gr\u00fcndung im Jahr 1990 hat sich der Setzeclub zu einer zentralen Anlaufstelle f\u00fcr junge Menschen im Alter von [&hellip;]<\/p>\n","protected":false},"author":1,"featured_media":0,"parent":0,"menu_order":0,"comment_status":"closed","ping_status":"closed","template":"","meta":{"footnotes":""},"class_list":["post-6","page","type-page","status-publish","hentry"],"_links":{"self":[{"href":"https:\/\/setzeclub-ev.de\/wordpress\/wp-json\/wp\/v2\/pages\/6","targetHints":{"allow":["GET"]}}],"collection":[{"href":"https:\/\/setzeclub-ev.de\/wordpress\/wp-json\/wp\/v2\/pages"}],"about":[{"href":"https:\/\/setzeclub-ev.de\/wordpress\/wp-json\/wp\/v2\/types\/page"}],"author":[{"embeddable":true,"href":"https:\/\/setzeclub-ev.de\/wordpress\/wp-json\/wp\/v2\/users\/1"}],"replies":[{"embeddable":true,"href":"https:\/\/setzeclub-ev.de\/wordpress\/wp-json\/wp\/v2\/comments?post=6"}],"version-history":[{"count":13,"href":"https:\/\/setzeclub-ev.de\/wordpress\/wp-json\/wp\/v2\/pages\/6\/revisions"}],"predecessor-version":[{"id":869,"href":"https:\/\/setzeclub-ev.de\/wordpress\/wp-json\/wp\/v2\/pages\/6\/revisions\/869"}],"wp:attachment":[{"href":"https:\/\/setzeclub-ev.de\/wordpress\/wp-json\/wp\/v2\/media?parent=6"}],"curies":[{"name":"wp","href":"https:\/\/api.w.org\/{rel}","templated":true}]}}