{"id":191,"date":"2024-03-07T14:17:21","date_gmt":"2024-03-07T13:17:21","guid":{"rendered":"https:\/\/setzeclub-ev.de\/wordpress\/?page_id=191"},"modified":"2024-10-27T17:02:56","modified_gmt":"2024-10-27T16:02:56","slug":"wer-wir-sind","status":"publish","type":"page","link":"https:\/\/setzeclub-ev.de\/wordpress\/wer-wir-sind\/","title":{"rendered":"Wer wir sind?"},"content":{"rendered":"\n<p>Vorstellung des Vorstandes<\/p>\n\n\n\n<figure class=\"wp-block-table is-style-stripes has-medium-font-size\"><table class=\"has-fixed-layout\"><tbody><tr><td><strong>Christopher Grosser<\/strong> <\/td><td class=\"has-text-align-left\" data-align=\"left\"><strong>Vorsitzender<\/strong><\/td><\/tr><\/tbody><\/table><\/figure>\n\n\n\n<div class=\"wp-block-columns is-layout-flex wp-container-core-columns-is-layout-9d6595d7 wp-block-columns-is-layout-flex\">\n<div class=\"wp-block-column is-layout-flow wp-block-column-is-layout-flow\" style=\"flex-basis:33.33%\">\n<figure class=\"wp-block-image size-full is-resized is-style-rounded\"><img loading=\"lazy\" decoding=\"async\" src=\"https:\/\/setzeclub-ev.de\/wordpress\/wp-content\/uploads\/thumbnail_IMG_9542-6.jpg\" alt=\"\" class=\"wp-image-300\" width=\"152\" height=\"152\" srcset=\"https:\/\/setzeclub-ev.de\/wordpress\/wp-content\/uploads\/thumbnail_IMG_9542-6.jpg 360w, https:\/\/setzeclub-ev.de\/wordpress\/wp-content\/uploads\/thumbnail_IMG_9542-6-300x300.jpg 300w, https:\/\/setzeclub-ev.de\/wordpress\/wp-content\/uploads\/thumbnail_IMG_9542-6-150x150.jpg 150w\" sizes=\"auto, (max-width: 152px) 100vw, 152px\" \/><\/figure>\n<\/div>\n\n\n\n<div class=\"wp-block-column is-layout-flow wp-block-column-is-layout-flow\" style=\"flex-basis:66.66%\">\n<p class=\"has-small-font-size\" style=\"letter-spacing:1px\"><strong>Als Vorstandsmitglied des Setzeclub e.V. setze ich mich f\u00fcr den Kinder- und Jugendtreff in Arnstadt ein, ein Ort, der f\u00fcr meine Kinder und die Jugend unserer Stadt viel bedeutet. Projekte wie das Baumhaus zeigen den positiven Einfluss, den wir erreichen k\u00f6nnen. Mit meiner digitalen Affinit\u00e4t m\u00f6chte ich unsere Sichtbarkeit erh\u00f6hen, um Unterst\u00fctzung und F\u00f6rdermittel zu gewinnen, die den Club st\u00e4rken.<\/strong><\/p>\n<\/div>\n<\/div>\n\n\n\n<figure class=\"wp-block-table is-style-stripes has-medium-font-size\"><table class=\"has-fixed-layout\"><tbody><tr><td><strong>Christian Kugland<\/strong><\/td><td class=\"has-text-align-left\" data-align=\"left\"><strong>Stellvertretender Vorsitzender<\/strong><\/td><\/tr><\/tbody><\/table><\/figure>\n\n\n\n<div class=\"wp-block-columns is-layout-flex wp-container-core-columns-is-layout-9d6595d7 wp-block-columns-is-layout-flex\">\n<div class=\"wp-block-column is-layout-flow wp-block-column-is-layout-flow\" style=\"flex-basis:33.33%\">\n<figure class=\"wp-block-image size-large is-resized is-style-rounded\"><img loading=\"lazy\" decoding=\"async\" src=\"https:\/\/setzeclub-ev.de\/wordpress\/wp-content\/uploads\/CK-edited-1.jpg\" alt=\"\" class=\"wp-image-709\" width=\"152\" height=\"152\" srcset=\"https:\/\/setzeclub-ev.de\/wordpress\/wp-content\/uploads\/CK-edited-1.jpg 1731w, https:\/\/setzeclub-ev.de\/wordpress\/wp-content\/uploads\/CK-edited-1-300x300.jpg 300w, https:\/\/setzeclub-ev.de\/wordpress\/wp-content\/uploads\/CK-edited-1-1024x1024.jpg 1024w, https:\/\/setzeclub-ev.de\/wordpress\/wp-content\/uploads\/CK-edited-1-150x150.jpg 150w, https:\/\/setzeclub-ev.de\/wordpress\/wp-content\/uploads\/CK-edited-1-768x768.jpg 768w, https:\/\/setzeclub-ev.de\/wordpress\/wp-content\/uploads\/CK-edited-1-1536x1536.jpg 1536w\" sizes=\"auto, (max-width: 152px) 100vw, 152px\" \/><\/figure>\n<\/div>\n\n\n\n<div class=\"wp-block-column is-layout-flow wp-block-column-is-layout-flow\" style=\"flex-basis:66.66%\">\n<p class=\"has-small-font-size\" style=\"letter-spacing:1px\"><strong><strong>Als Vorstandsmitglied im &#8222;SetzeClub e.V.&#8220; bin ich Teil eines Vereins, der sich f\u00fcr die Kinder und Jugendlichen in Arnstadt einsetzt. Ein R\u00fcckzugs- und Wohlf\u00fchlort f\u00fcr Kinder au\u00dferhalb der digitalen Welt, an dem es spannende Sachen zu entdecken gibt und mitgestaltet werden kann, ist meine Vision. Das Engagement f\u00fcr den Jugendtreff \u201eAuf der Setze\u201c ist mit dem Kontakt zu den Kolleginnen und Kollegen des Jugendclubs im Rahmen der Kooperation zwischen der Stadt Arnstadt und meinem Arbeitgeber \u201eBorgWarner Transmission Systems Arnstadt GmbH\u201c entstanden und seitdem stetig gewachsen. Die Freude und der Spass, den Kinder an der Umsetzung von kleinen Ideen haben und in der Teilhabe bei der Ideenfindung und Umsetzung f\u00fcr gr\u00f6\u00dferen Projekte, sind die Motivation f\u00fcr mich. Meine Mission ist deshalb mit Hilfe des Vereins die Jugendarbeit in Arnstadt bekannter machen und das Fundament f\u00fcr die Projekte der Kinder zu bilden.<\/strong><\/strong><\/p>\n<\/div>\n<\/div>\n\n\n\n<p><\/p>\n\n\n\n<figure class=\"wp-block-table is-style-stripes has-medium-font-size\"><table class=\"has-fixed-layout\"><tbody><tr><td><strong>Annett Mai <\/strong><\/td><td class=\"has-text-align-left\" data-align=\"left\"> <strong>Schriftf\u00fchrerin<\/strong><\/td><\/tr><\/tbody><\/table><\/figure>\n\n\n\n<div class=\"wp-block-columns is-layout-flex wp-container-core-columns-is-layout-9d6595d7 wp-block-columns-is-layout-flex\">\n<div class=\"wp-block-column is-layout-flow wp-block-column-is-layout-flow\" style=\"flex-basis:33.33%\"><\/div>\n\n\n\n<div class=\"wp-block-column is-layout-flow wp-block-column-is-layout-flow\" style=\"flex-basis:66.66%\">\n<p class=\"has-small-font-size\" style=\"letter-spacing:1px\"><strong>Als Vorstandsmitglied des Setzeclub e. V. m\u00f6chte ich, dass unser Verein w\u00e4chst und m\u00f6glichst viele F\u00f6rderer findet, damit wir den Kinder- und Jugendtreff tatkr\u00e4ftig unterst\u00fctzen k\u00f6nnen, zus\u00e4tzlich zur st\u00e4dtischen Finanzierung, weitere Mittel (z. B. durch F\u00f6rder- und Spendenprogramme) zur Verwirklichung von Projekten zu beschaffen, um f\u00fcr die Kinder und Jugendlichen der Region einen ansprechenden Ort und abwechslungsreiche Aktivit\u00e4ten f\u00fcr ihre Freizeitgestaltung zu behalten. Meine Motivation: Das unseren Kindern auch weiterhin &#8211; jenseits von Handys, Spielekonsolen und Tablets &#8211; Freizeitbesch\u00e4ftigungen in einem angemessen betreuten Rahmen angeboten werden k\u00f6nnen.<\/strong><\/p>\n<\/div>\n<\/div>\n\n\n\n<p><\/p>\n\n\n\n<figure class=\"wp-block-table is-style-stripes has-medium-font-size\"><table class=\"has-fixed-layout\"><tbody><tr><td><strong>Nadja Wanke<\/strong><\/td><td class=\"has-text-align-left\" data-align=\"left\"> <strong>Schatzmeisterin<\/strong><\/td><\/tr><\/tbody><\/table><\/figure>\n\n\n\n<div class=\"wp-block-columns is-layout-flex wp-container-core-columns-is-layout-9d6595d7 wp-block-columns-is-layout-flex\">\n<div class=\"wp-block-column is-layout-flow wp-block-column-is-layout-flow\" style=\"flex-basis:33.33%\"><\/div>\n\n\n\n<div class=\"wp-block-column is-layout-flow wp-block-column-is-layout-flow\" style=\"flex-basis:66.66%\">\n<p class=\"has-small-font-size\" style=\"letter-spacing:1px\"><strong>Als Schatzmeisterin im Vorstand des Setzeclub e.V. setze ich mich mit Leidenschaft f\u00fcr den Kinder- und Jugendtreff in Arnstadt ein, der einen bedeutsamen Ort f\u00fcr die Jugendlichen unserer Stadt darstellt. Projekte wie das Baumhaus verdeutlichen den wertvollen Beitrag, den wir zur F\u00f6rderung junger Menschen leisten k\u00f6nnen. Meine Erfahrung und mein Engagement dienen dazu, die finanziellen Angelegenheiten des Vereins verantwortungsvoll zu verwalten. Ich freue mich darauf, gemeinsam mit dem Team die Zukunft des Setzeclub weiter zu gestalten und zu st\u00e4rken.<\/strong><\/p>\n<\/div>\n<\/div>\n\n\n\n<p><\/p>\n\n\n\n<figure class=\"wp-block-image size-full is-style-default\"><img loading=\"lazy\" decoding=\"async\" width=\"2560\" height=\"2560\" src=\"https:\/\/setzeclub-ev.de\/wordpress\/wp-content\/uploads\/IMG_7665-edited-scaled.jpeg\" alt=\"\" class=\"wp-image-527\" srcset=\"https:\/\/setzeclub-ev.de\/wordpress\/wp-content\/uploads\/IMG_7665-edited-scaled.jpeg 2560w, https:\/\/setzeclub-ev.de\/wordpress\/wp-content\/uploads\/IMG_7665-edited-300x300.jpeg 300w, https:\/\/setzeclub-ev.de\/wordpress\/wp-content\/uploads\/IMG_7665-edited-1024x1024.jpeg 1024w, https:\/\/setzeclub-ev.de\/wordpress\/wp-content\/uploads\/IMG_7665-edited-150x150.jpeg 150w, https:\/\/setzeclub-ev.de\/wordpress\/wp-content\/uploads\/IMG_7665-edited-768x768.jpeg 768w, https:\/\/setzeclub-ev.de\/wordpress\/wp-content\/uploads\/IMG_7665-edited-1536x1536.jpeg 1536w, https:\/\/setzeclub-ev.de\/wordpress\/wp-content\/uploads\/IMG_7665-edited-2048x2048.jpeg 2048w\" sizes=\"auto, (max-width: 2560px) 100vw, 2560px\" \/><figcaption class=\"wp-element-caption\">Gr\u00fcndungsmitglieder F\u00f6rderverein Setzeclub e.V. 2023<\/figcaption><\/figure>\n\n\n\n<p><\/p>\n\n\n\n<p><\/p>\n","protected":false},"excerpt":{"rendered":"<p>Vorstellung des Vorstandes Christopher Grosser Vorsitzender Als Vorstandsmitglied des Setzeclub e.V. setze ich mich f\u00fcr den Kinder- und Jugendtreff in Arnstadt ein, ein Ort, der f\u00fcr meine Kinder und die Jugend unserer Stadt viel bedeutet. Projekte wie das Baumhaus zeigen [&hellip;]<\/p>\n","protected":false},"author":1,"featured_media":0,"parent":0,"menu_order":0,"comment_status":"closed","ping_status":"closed","template":"","meta":{"footnotes":""},"class_list":["post-191","page","type-page","status-publish","hentry"],"_links":{"self":[{"href":"https:\/\/setzeclub-ev.de\/wordpress\/wp-json\/wp\/v2\/pages\/191","targetHints":{"allow":["GET"]}}],"collection":[{"href":"https:\/\/setzeclub-ev.de\/wordpress\/wp-json\/wp\/v2\/pages"}],"about":[{"href":"https:\/\/setzeclub-ev.de\/wordpress\/wp-json\/wp\/v2\/types\/page"}],"author":[{"embeddable":true,"href":"https:\/\/setzeclub-ev.de\/wordpress\/wp-json\/wp\/v2\/users\/1"}],"replies":[{"embeddable":true,"href":"https:\/\/setzeclub-ev.de\/wordpress\/wp-json\/wp\/v2\/comments?post=191"}],"version-history":[{"count":36,"href":"https:\/\/setzeclub-ev.de\/wordpress\/wp-json\/wp\/v2\/pages\/191\/revisions"}],"predecessor-version":[{"id":710,"href":"https:\/\/setzeclub-ev.de\/wordpress\/wp-json\/wp\/v2\/pages\/191\/revisions\/710"}],"wp:attachment":[{"href":"https:\/\/setzeclub-ev.de\/wordpress\/wp-json\/wp\/v2\/media?parent=191"}],"curies":[{"name":"wp","href":"https:\/\/api.w.org\/{rel}","templated":true}]}}