{"id":122,"date":"2024-03-06T18:15:46","date_gmt":"2024-03-06T17:15:46","guid":{"rendered":"https:\/\/setzeclub-ev.de\/wordpress\/?page_id=122"},"modified":"2025-11-05T09:40:24","modified_gmt":"2025-11-05T08:40:24","slug":"spenden","status":"publish","type":"page","link":"https:\/\/setzeclub-ev.de\/wordpress\/spenden\/","title":{"rendered":"Spenden"},"content":{"rendered":"\n<p class=\"has-medium-font-size\"><strong>Spendenkonto des Setzeclub e.V.<\/strong><\/p>\n\n\n\n<p class=\"has-medium-font-size\"><strong>IBAN: DE90 840510 101010 355623   <\/strong><\/p>\n\n\n\n<p class=\"has-medium-font-size\"><strong>BIC: HELADEF1ILK <\/strong><\/p>\n\n\n\n<p class=\"has-medium-font-size\"><strong>Sparkasse Arnstadt-Ilmenau<\/strong><\/p>\n\n\n\n<p><\/p>\n\n\n\n<p class=\"has-black-color has-text-color has-background has-medium-font-size\" style=\"background:linear-gradient(135deg,rgb(199,222,232) 0%,rgba(200,222,232,0.1) 100%);font-style:normal;font-weight:600\"><a href=\"https:\/\/www.paypal.com\/donate\/?hosted_button_id=M6R49ZGTNCLYS\" target=\"_blank\" rel=\"noopener\" title=\"\"><mark style=\"background-color:rgba(0, 0, 0, 0)\" class=\"has-inline-color has-black-color\">Paypal Link<\/mark><\/a><\/p>\n\n\n\n<p class=\"has-medium-font-size\"><strong>Unterst\u00fctzung f\u00fcr den Kinder- und Jugendtreff &#8222;Auf der Setze&#8220; in Arnstadt<\/strong><\/p>\n\n\n\n<p>Liebe Freunde des Setzeclub,<\/p>\n\n\n\n<p>Wir setzen uns als F\u00f6rderverein Setzeclub e.V. f\u00fcr den Kinder- und Jugendtreff &#8222;Auf der Setze&#8220; in Arnstadt ein. Hier erleben junge Menschen im Alter von 6 bis 18 Jahren eine bunte Vielfalt an offenen Angeboten.<\/p>\n\n\n\n<p>Um diese tollen Projekte am Laufen zu halten und sogar noch zu verbessern, brauchen wir eure Unterst\u00fctzung. <\/p>\n\n\n\n<p><strong>Gemeinsam setzen wir uns ein f\u00fcr:<\/strong><\/p>\n\n\n\n<ul class=\"wp-block-list\">\n<li>Spa\u00df und Bildung f\u00fcr die Kids<\/li>\n\n\n\n<li>Abenteuer und Erholung<\/li>\n\n\n\n<li>Neue Angebote und Aktivit\u00e4ten<\/li>\n\n\n\n<li>Projekte des Kinder- und Jugendtreff &#8222;Auf der Setze&#8220;<\/li>\n<\/ul>\n\n\n\n<p>Wir sch\u00e4tzen jede Art von Unterst\u00fctzung! Sowohl <strong>finanzielle<\/strong> Beitr\u00e4ge als auch <strong>Sachspenden<\/strong> helfen uns, unsere Ziele zu erreichen und einen positiven Einfluss auf das Leben junger Menschen zu haben. Im Fall von Sachspenden setzen Sie sich bitte unbedingt vorab mit dem Vorstand in Verbindung.<\/p>\n\n\n\n<p><\/p>\n\n\n\n<p><strong>Wir sind berechtigt, f\u00fcr Geld- und Sachspenden Spendenquittungen auszustellen.<\/strong>&nbsp;Sollten Sie dies w\u00fcnschen, weisen Sie bei \u00dcbergabe der Spende bitte darauf hin und machen Sie Geldspenden unbedingt namentlich kenntlich.<\/p>\n\n\n\n<p><\/p>\n\n\n\n<div class=\"wp-block-media-text alignwide has-media-on-the-right is-stacked-on-mobile is-vertically-aligned-center is-image-fill-element has-background\" style=\"background-color:#c7dee8\"><div class=\"wp-block-media-text__content\">\n<div class=\"wp-block-group\" style=\"padding-top:2em;padding-right:2em;padding-bottom:2em;padding-left:2em\"><div class=\"wp-block-group__inner-container is-layout-flow wp-block-group-is-layout-flow\">\n<p style=\"font-size:36px;line-height:1.2\"><strong>#Spende<\/strong><\/p>\n\n\n\n<p>Wir freuen uns \u00fcber jede Spende \u2013 ob klein oder gro\u00df, jede Unterst\u00fctzung z\u00e4hlt!<\/p>\n\n\n\n<p class=\"has-extra-small-font-size\"><\/p>\n<\/div><\/div>\n<\/div><figure class=\"wp-block-media-text__media\"><img loading=\"lazy\" decoding=\"async\" width=\"2560\" height=\"2162\" src=\"https:\/\/setzeclub-ev.de\/wordpress\/wp-content\/uploads\/IMG_3339-scaled.jpg\" alt=\"\" class=\"wp-image-739 size-full\" style=\"object-position:46% 32%\" srcset=\"https:\/\/setzeclub-ev.de\/wordpress\/wp-content\/uploads\/IMG_3339-scaled.jpg 2560w, https:\/\/setzeclub-ev.de\/wordpress\/wp-content\/uploads\/IMG_3339-300x253.jpg 300w, https:\/\/setzeclub-ev.de\/wordpress\/wp-content\/uploads\/IMG_3339-1024x865.jpg 1024w, https:\/\/setzeclub-ev.de\/wordpress\/wp-content\/uploads\/IMG_3339-768x649.jpg 768w, https:\/\/setzeclub-ev.de\/wordpress\/wp-content\/uploads\/IMG_3339-1536x1297.jpg 1536w, https:\/\/setzeclub-ev.de\/wordpress\/wp-content\/uploads\/IMG_3339-2048x1730.jpg 2048w\" sizes=\"auto, (max-width: 2560px) 100vw, 2560px\" \/><\/figure><\/div>\n\n\n\n<p><\/p>\n\n\n\n<p class=\"has-black-color has-text-color has-background has-medium-font-size\" style=\"background:linear-gradient(135deg,rgb(199,222,232) 0%,rgba(200,222,232,0.1) 100%);font-style:normal;font-weight:600\"><a href=\"https:\/\/www.paypal.com\/donate\/?hosted_button_id=M6R49ZGTNCLYS\" target=\"_blank\" rel=\"noopener\" title=\"\"><mark style=\"background-color:rgba(0, 0, 0, 0)\" class=\"has-inline-color has-black-color\">Paypal Link<\/mark><\/a> <\/p>\n\n\n\n<p class=\"has-black-color has-text-color has-large-font-size\"><strong>Firmen \/ Unternehmen<\/strong><\/p>\n\n\n\n<p><\/p>\n\n\n\n<p>Sollten Sie als Unternehmen Interesse daran haben, uns zu unterst\u00fctzen, k\u00f6nnen Sie uns gerne unter <strong>info@setzeclub-ev.de <\/strong>kontaktieren. <\/p>\n\n\n\n<p>Wir werden uns umgehend bei Ihnen melden und uns auch gerne pers\u00f6nlich vorstellen.<\/p>\n\n\n\n<p><\/p>\n\n\n\n<p class=\"has-medium-font-size\">Jetzt mitmachen und den <strong>Kinder- und Jugendtreff &#8222;Auf der Setze&#8220;<\/strong> unterst\u00fctzen: <\/p>\n\n\n\n<div class=\"wp-block-columns is-layout-flex wp-container-core-columns-is-layout-9d6595d7 wp-block-columns-is-layout-flex\">\n<div class=\"wp-block-column is-layout-flow wp-block-column-is-layout-flow\">\n<p class=\"has-black-color has-text-color has-background\" style=\"background:linear-gradient(135deg,rgb(199,222,232) 0%,rgba(200,222,232,0.1) 100%);font-size:18px;font-style:normal;font-weight:600\"><a href=\"https:\/\/gofund.me\/fdf1011b2\"><mark style=\"background-color:rgba(0, 0, 0, 0)\" class=\"has-inline-color has-black-color\">Link zum Projekt auf gofoundme.com<\/mark><\/a><\/p>\n\n\n\n<div class=\"gfm-embed\" data-url=\"https:\/\/www.gofundme.com\/f\/fur-unsere-jugend-in-arnstadt-unterstutze-den-setzeclub\/widget\/medium?sharesheet=undefined&#038;attribution_id=sl:315ac514-f38b-40c3-82a2-7f429c6c6b71\"><\/div><script defer src=\"https:\/\/www.gofundme.com\/static\/js\/embed.js\"><\/script>\n<\/div>\n\n\n\n<div class=\"wp-block-column is-layout-flow wp-block-column-is-layout-flow\">\n<p class=\"has-black-color has-text-color has-background\" style=\"background:linear-gradient(135deg,rgb(199,222,232) 0%,rgba(200,222,232,0.1) 100%);font-size:18px;font-style:normal;font-weight:600\"><a href=\"https:\/\/einkaufen.gooding.de\/setzeclub-e-v-127404\" title=\"\"><mark style=\"background-color:rgba(0, 0, 0, 0)\" class=\"has-inline-color has-black-color\">Link zum Projekt auf gooding.de<\/mark><\/a><\/p>\n\n\n\n<iframe loading=\"lazy\" width=\"300\" height=\"250\" name=\"Gooding Banner-Widget\" id=\"Gooding Banner-Widget\" frameborder=\"0\" allowtransparency=\"true\" scrolling=\"yes\" title=\"Gooding Banner-Widget\" src=\"https:\/\/erweiterungen.gooding.de\/app\/widget\/setzeclub-e-v-127404\/medium-rectangle\/tab\/0\/donations\/1\/v\/1717243751.yK%252F8NginLVfnj5u%252BjkhDi6NY%252FLdshi50LrNGQxxt5ykdH2T0FSfz4kvog3%252FDoC2alm2fPboi%252Bt3WtbEsu075KsJ0%252FXTHSvXT3r0qKepReQU3pqXv3OC8tsQts5lXRXtU\"><\/iframe>\n<\/div>\n\n\n\n<div class=\"wp-block-column is-layout-flow wp-block-column-is-layout-flow\">\n<p class=\"has-black-color has-text-color has-background\" style=\"background:linear-gradient(135deg,rgb(199,222,232) 0%,rgba(200,222,232,0.1) 100%);font-size:18px;font-style:normal;font-weight:600\"><a rel=\"noreferrer noopener\" href=\"https:\/\/www.betterplace.org\/de\/projects\/134589?utm_campaign=ShortURLs&amp;utm_medium=project_134589&amp;utm_source=PlainShortURL\" data-type=\"URL\" data-id=\"https:\/\/www.betterplace.org\/de\/projects\/134589?utm_campaign=ShortURLs&amp;utm_medium=project_134589&amp;utm_source=PlainShortURL\" target=\"_blank\"><mark style=\"background-color:rgba(0, 0, 0, 0)\" class=\"has-inline-color has-black-color\">Link zum Projekt auf Betterplace.org <\/mark><\/a><\/p>\n\n\n\n<iframe loading=\"lazy\" frameborder=\"0\" marginheight=\"0\" marginwidth=\"0\" src=\"https:\/\/www.betterplace-widget.org\/projects\/134589?l=de\" width=\"100%\" height=\"320\" style=\"border: 0; padding:0; margin:0;\">Informieren und spenden: &lt;a href=&#39;https:\/\/www.betterplace.org\/de\/projects\/134589-baumhausprojekt-des-kinder-und-jugendtreff-auf-der-setze&#39; target=&#39;_blank&#39;&gt;\u201eBaumhausprojekt des Kinder- und Jugendtreff \u201eAuf der Setze\u201c\u201c&lt;\/a&gt; auf betterplace.org \u00f6ffnen.<\/iframe>\n<\/div>\n<\/div>\n\n\n\n<p><a href=\"https:\/\/einkaufen.gooding.de\/setzeclub-e-v-127404\/page\/2\" title=\"\"><mark style=\"background-color:rgba(0, 0, 0, 0)\" class=\"has-inline-color has-black-color\">Unterst\u00fctze uns durch deine Eink\u00e4ufe. Ganz ohne Mehrkosten.<\/mark><\/a><\/p>\n\n\n\n<p class=\"has-black-color has-text-color has-medium-font-size\"><strong>Vielen Dank f\u00fcr eure gro\u00dfz\u00fcgige Unterst\u00fctzung!<\/strong><\/p>\n\n\n\n<p><\/p>\n\n\n\n<p><\/p>\n","protected":false},"excerpt":{"rendered":"<p>Spendenkonto des Setzeclub e.V. IBAN: DE90 840510 101010 355623 BIC: HELADEF1ILK Sparkasse Arnstadt-Ilmenau Paypal Link Unterst\u00fctzung f\u00fcr den Kinder- und Jugendtreff &#8222;Auf der Setze&#8220; in Arnstadt Liebe Freunde des Setzeclub, Wir setzen uns als F\u00f6rderverein Setzeclub e.V. f\u00fcr den Kinder- [&hellip;]<\/p>\n","protected":false},"author":1,"featured_media":0,"parent":0,"menu_order":0,"comment_status":"closed","ping_status":"closed","template":"","meta":{"footnotes":""},"class_list":["post-122","page","type-page","status-publish","hentry"],"_links":{"self":[{"href":"https:\/\/setzeclub-ev.de\/wordpress\/wp-json\/wp\/v2\/pages\/122","targetHints":{"allow":["GET"]}}],"collection":[{"href":"https:\/\/setzeclub-ev.de\/wordpress\/wp-json\/wp\/v2\/pages"}],"about":[{"href":"https:\/\/setzeclub-ev.de\/wordpress\/wp-json\/wp\/v2\/types\/page"}],"author":[{"embeddable":true,"href":"https:\/\/setzeclub-ev.de\/wordpress\/wp-json\/wp\/v2\/users\/1"}],"replies":[{"embeddable":true,"href":"https:\/\/setzeclub-ev.de\/wordpress\/wp-json\/wp\/v2\/comments?post=122"}],"version-history":[{"count":60,"href":"https:\/\/setzeclub-ev.de\/wordpress\/wp-json\/wp\/v2\/pages\/122\/revisions"}],"predecessor-version":[{"id":872,"href":"https:\/\/setzeclub-ev.de\/wordpress\/wp-json\/wp\/v2\/pages\/122\/revisions\/872"}],"wp:attachment":[{"href":"https:\/\/setzeclub-ev.de\/wordpress\/wp-json\/wp\/v2\/media?parent=122"}],"curies":[{"name":"wp","href":"https:\/\/api.w.org\/{rel}","templated":true}]}}